{"id":1159,"date":"2016-10-21T10:36:56","date_gmt":"2016-10-21T08:36:56","guid":{"rendered":"https:\/\/www.bright.lv\/?page_id=1159"},"modified":"2021-07-30T16:05:57","modified_gmt":"2021-07-30T13:05:57","slug":"meklejam-radoso-pratu","status":"publish","type":"page","link":"https:\/\/www.bright.lv\/en\/it-projektu-vaditaja-vakance\/","title":{"rendered":""},"content":{"rendered":"<p class=\"qtranxs-available-languages-message qtranxs-available-languages-message-en\">Sorry, this entry is only available in <a href=\"https:\/\/www.bright.lv\/lv\/wp-json\/wp\/v2\/pages\/1159\" class=\"qtranxs-available-language-link qtranxs-available-language-link-lv\" title=\"Latvian\">Latvian<\/a>.<\/p>","protected":false},"excerpt":{"rendered":"<p>Sorry, this entry is only available in Latvian.<\/p>\n","protected":false},"author":1,"featured_media":3649,"parent":0,"menu_order":0,"comment_status":"closed","ping_status":"closed","template":"parasta-iekslapa.php","meta":{"footnotes":""},"class_list":["post-1159","page","type-page","status-publish","has-post-thumbnail","hentry"],"acf":[],"yoast_head":"<!-- This site is optimized with the Yoast SEO plugin v26.8 - https:\/\/yoast.com\/product\/yoast-seo-wordpress\/ -->\n<title>Mekl\u0113jam IT projektu vad\u012bt\u0101ju<\/title>\n<meta name=\"description\" content=\"M\u0113s mekl\u0113jam jaunu kol\u0113\u0123i \u2013 IT projektu vad\u012bt\u0101ju \u2013, kura ikdienas pien\u0101kumi b\u016btu vad\u012bt vid\u0113jas sare\u017e\u0123\u012bt\u012bbas iek\u0161\u0113jo sist\u0113mu un e-komercijas risin\u0101jumu izstr\u0101di!\" \/>\n<meta name=\"robots\" content=\"index, follow, max-snippet:-1, max-image-preview:large, max-video-preview:-1\" \/>\n<link rel=\"canonical\" href=\"https:\/\/www.bright.lv\/en\/meklejam-radoso-pratu\/\" \/>\n<meta property=\"og:locale\" content=\"en_US\" \/>\n<meta property=\"og:type\" content=\"article\" \/>\n<meta property=\"og:title\" content=\"IT projektu vad\u012bt\u0101ja vakance\" \/>\n<meta property=\"og:description\" content=\"M\u0113s mekl\u0113jam jaunu kol\u0113\u0123i \u2013 IT projektu vad\u012bt\u0101ju \u2013, kura ikdienas pien\u0101kumi b\u016btu vad\u012bt vid\u0113jas sare\u017e\u0123\u012bt\u012bbas iek\u0161\u0113jo sist\u0113mu un e-komercijas risin\u0101jumu izstr\u0101di!\" \/>\n<meta property=\"og:url\" content=\"https:\/\/www.bright.lv\/en\/meklejam-radoso-pratu\/\" \/>\n<meta property=\"og:site_name\" content=\"BRIGHT\" \/>\n<meta property=\"article:modified_time\" content=\"2021-07-30T13:05:57+00:00\" \/>\n<meta property=\"og:image\" content=\"https:\/\/www.bright.lv\/wp-content\/uploads\/2021\/07\/Bright_vakance_projvads_Bright.jpg\" \/>\n\t<meta property=\"og:image:width\" content=\"1200\" \/>\n\t<meta property=\"og:image:height\" content=\"600\" \/>\n\t<meta property=\"og:image:type\" content=\"image\/jpeg\" \/>\n<meta name=\"twitter:card\" content=\"summary_large_image\" \/>\n<meta name=\"twitter:label1\" content=\"Est. reading time\" \/>\n\t<meta name=\"twitter:data1\" content=\"2 minutes\" \/>\n<script type=\"application\/ld+json\" class=\"yoast-schema-graph\">{\"@context\":\"https:\/\/schema.org\",\"@graph\":[{\"@type\":\"WebPage\",\"@id\":\"https:\/\/www.bright.lv\/en\/meklejam-radoso-pratu\/\",\"url\":\"https:\/\/www.bright.lv\/en\/meklejam-radoso-pratu\/\",\"name\":\"Mekl\u0113jam IT projektu vad\u012bt\u0101ju\",\"isPartOf\":{\"@id\":\"https:\/\/www.bright.lv\/en\/#website\"},\"primaryImageOfPage\":{\"@id\":\"https:\/\/www.bright.lv\/en\/meklejam-radoso-pratu\/#primaryimage\"},\"image\":{\"@id\":\"https:\/\/www.bright.lv\/meklejam-radoso-pratu\/#primaryimage\"},\"thumbnailUrl\":\"https:\/\/www.bright.lv\/wp-content\/uploads\/2021\/07\/Bright_vakance_projvads_Bright.jpg\",\"datePublished\":\"2016-10-21T08:36:56+00:00\",\"dateModified\":\"2021-07-30T13:05:57+00:00\",\"description\":\"M\u0113s mekl\u0113jam jaunu kol\u0113\u0123i \u2013 IT projektu vad\u012bt\u0101ju \u2013, kura ikdienas pien\u0101kumi b\u016btu vad\u012bt vid\u0113jas sare\u017e\u0123\u012bt\u012bbas iek\u0161\u0113jo sist\u0113mu un e-komercijas risin\u0101jumu izstr\u0101di!\",\"inLanguage\":\"en-US\",\"potentialAction\":[{\"@type\":\"ReadAction\",\"target\":[[\"https:\/\/www.bright.lv\/en\/meklejam-radoso-pratu\/\"]]}]},{\"@type\":\"ImageObject\",\"inLanguage\":\"en-US\",\"@id\":\"https:\/\/www.bright.lv\/en\/meklejam-radoso-pratu\/#primaryimage\",\"url\":\"https:\/\/www.bright.lv\/wp-content\/uploads\/2021\/07\/Bright_vakance_projvads_Bright.jpg\",\"contentUrl\":\"https:\/\/www.bright.lv\/wp-content\/uploads\/2021\/07\/Bright_vakance_projvads_Bright.jpg\",\"width\":1200,\"height\":600},{\"@type\":\"WebSite\",\"@id\":\"https:\/\/www.bright.lv\/en\/#website\",\"url\":\"https:\/\/www.bright.lv\/en\/\",\"name\":\"BRIGHT\",\"description\":\"\",\"potentialAction\":[{\"@type\":\"SearchAction\",\"target\":{\"@type\":\"EntryPoint\",\"urlTemplate\":\"https:\/\/www.bright.lv\/en\/?s={search_term_string}\"},\"query-input\":{\"@type\":\"PropertyValueSpecification\",\"valueRequired\":true,\"valueName\":\"search_term_string\"}}],\"inLanguage\":\"en-US\"}]}<\/script>\n<!-- \/ Yoast SEO plugin. -->","yoast_head_json":{"title":"Mekl\u0113jam IT projektu vad\u012bt\u0101ju","description":"M\u0113s mekl\u0113jam jaunu kol\u0113\u0123i \u2013 IT projektu vad\u012bt\u0101ju \u2013, kura ikdienas pien\u0101kumi b\u016btu vad\u012bt vid\u0113jas sare\u017e\u0123\u012bt\u012bbas iek\u0161\u0113jo sist\u0113mu un e-komercijas risin\u0101jumu izstr\u0101di!","robots":{"index":"index","follow":"follow","max-snippet":"max-snippet:-1","max-image-preview":"max-image-preview:large","max-video-preview":"max-video-preview:-1"},"canonical":"https:\/\/www.bright.lv\/en\/meklejam-radoso-pratu\/","og_locale":"en_US","og_type":"article","og_title":"IT projektu vad\u012bt\u0101ja vakance","og_description":"M\u0113s mekl\u0113jam jaunu kol\u0113\u0123i \u2013 IT projektu vad\u012bt\u0101ju \u2013, kura ikdienas pien\u0101kumi b\u016btu vad\u012bt vid\u0113jas sare\u017e\u0123\u012bt\u012bbas iek\u0161\u0113jo sist\u0113mu un e-komercijas risin\u0101jumu izstr\u0101di!","og_url":"https:\/\/www.bright.lv\/en\/meklejam-radoso-pratu\/","og_site_name":"BRIGHT","article_modified_time":"2021-07-30T13:05:57+00:00","og_image":[{"width":1200,"height":600,"url":"https:\/\/www.bright.lv\/wp-content\/uploads\/2021\/07\/Bright_vakance_projvads_Bright.jpg","type":"image\/jpeg"}],"twitter_card":"summary_large_image","twitter_misc":{"Est. reading time":"2 minutes"},"schema":{"@context":"https:\/\/schema.org","@graph":[{"@type":"WebPage","@id":"https:\/\/www.bright.lv\/en\/meklejam-radoso-pratu\/","url":"https:\/\/www.bright.lv\/en\/meklejam-radoso-pratu\/","name":"Mekl\u0113jam IT projektu vad\u012bt\u0101ju","isPartOf":{"@id":"https:\/\/www.bright.lv\/en\/#website"},"primaryImageOfPage":{"@id":"https:\/\/www.bright.lv\/en\/meklejam-radoso-pratu\/#primaryimage"},"image":{"@id":"https:\/\/www.bright.lv\/meklejam-radoso-pratu\/#primaryimage"},"thumbnailUrl":"https:\/\/www.bright.lv\/wp-content\/uploads\/2021\/07\/Bright_vakance_projvads_Bright.jpg","datePublished":"2016-10-21T08:36:56+00:00","dateModified":"2021-07-30T13:05:57+00:00","description":"M\u0113s mekl\u0113jam jaunu kol\u0113\u0123i \u2013 IT projektu vad\u012bt\u0101ju \u2013, kura ikdienas pien\u0101kumi b\u016btu vad\u012bt vid\u0113jas sare\u017e\u0123\u012bt\u012bbas iek\u0161\u0113jo sist\u0113mu un e-komercijas risin\u0101jumu izstr\u0101di!","inLanguage":"en-US","potentialAction":[{"@type":"ReadAction","target":[["https:\/\/www.bright.lv\/en\/meklejam-radoso-pratu\/"]]}]},{"@type":"ImageObject","inLanguage":"en-US","@id":"https:\/\/www.bright.lv\/en\/meklejam-radoso-pratu\/#primaryimage","url":"https:\/\/www.bright.lv\/wp-content\/uploads\/2021\/07\/Bright_vakance_projvads_Bright.jpg","contentUrl":"https:\/\/www.bright.lv\/wp-content\/uploads\/2021\/07\/Bright_vakance_projvads_Bright.jpg","width":1200,"height":600},{"@type":"WebSite","@id":"https:\/\/www.bright.lv\/en\/#website","url":"https:\/\/www.bright.lv\/en\/","name":"BRIGHT","description":"","potentialAction":[{"@type":"SearchAction","target":{"@type":"EntryPoint","urlTemplate":"https:\/\/www.bright.lv\/en\/?s={search_term_string}"},"query-input":{"@type":"PropertyValueSpecification","valueRequired":true,"valueName":"search_term_string"}}],"inLanguage":"en-US"}]}},"_links":{"self":[{"href":"https:\/\/www.bright.lv\/en\/wp-json\/wp\/v2\/pages\/1159","targetHints":{"allow":["GET"]}}],"collection":[{"href":"https:\/\/www.bright.lv\/en\/wp-json\/wp\/v2\/pages"}],"about":[{"href":"https:\/\/www.bright.lv\/en\/wp-json\/wp\/v2\/types\/page"}],"author":[{"embeddable":true,"href":"https:\/\/www.bright.lv\/en\/wp-json\/wp\/v2\/users\/1"}],"replies":[{"embeddable":true,"href":"https:\/\/www.bright.lv\/en\/wp-json\/wp\/v2\/comments?post=1159"}],"version-history":[{"count":35,"href":"https:\/\/www.bright.lv\/en\/wp-json\/wp\/v2\/pages\/1159\/revisions"}],"predecessor-version":[{"id":3643,"href":"https:\/\/www.bright.lv\/en\/wp-json\/wp\/v2\/pages\/1159\/revisions\/3643"}],"wp:featuredmedia":[{"embeddable":true,"href":"https:\/\/www.bright.lv\/en\/wp-json\/wp\/v2\/media\/3649"}],"wp:attachment":[{"href":"https:\/\/www.bright.lv\/en\/wp-json\/wp\/v2\/media?parent=1159"}],"curies":[{"name":"wp","href":"https:\/\/api.w.org\/{rel}","templated":true}]}}