{"id":1911,"date":"2018-10-02T11:21:55","date_gmt":"2018-10-02T09:21:55","guid":{"rendered":"https:\/\/www.bright.lv\/?page_id=1911"},"modified":"2018-10-09T14:47:50","modified_gmt":"2018-10-09T12:47:50","slug":"bright-mekle-front-end-programmetaju","status":"publish","type":"page","link":"https:\/\/www.bright.lv\/en\/meklejam-front-end-programmetaju\/","title":{"rendered":"MEKL\u0112JAM FRONT-END PROGRAMM\u0112T\u0100JU"},"content":{"rendered":"<p class=\"qtranxs-available-languages-message qtranxs-available-languages-message-en\">Sorry, this entry is only available in <a href=\"https:\/\/www.bright.lv\/lv\/wp-json\/wp\/v2\/pages\/1911\" class=\"qtranxs-available-language-link qtranxs-available-language-link-lv\" title=\"Latvian\">Latvian<\/a>.<\/p>","protected":false},"excerpt":{"rendered":"<p>Sorry, this entry is only available in Latvian.<\/p>\n","protected":false},"author":1,"featured_media":1804,"parent":0,"menu_order":0,"comment_status":"closed","ping_status":"closed","template":"parasta-iekslapa.php","meta":{"footnotes":""},"class_list":["post-1911","page","type-page","status-publish","has-post-thumbnail","hentry"],"acf":[],"yoast_head":"<!-- This site is optimized with the Yoast SEO plugin v26.8 - https:\/\/yoast.com\/product\/yoast-seo-wordpress\/ -->\n<title>MEKL\u0112JAM FRONT-END PROGRAMM\u0112T\u0100JU - BRIGHT<\/title>\n<meta name=\"description\" content=\"Aicin\u0101m savai profesion\u0101lajai komandai pievienoties Front-End programm\u0113t\u0101ju! Tev j\u0101prot: programm\u0113t respons\u012bvas dizaina t\u0113mas, test\u0113t, atk\u013c\u016bdot.\" \/>\n<meta name=\"robots\" content=\"index, follow, max-snippet:-1, max-image-preview:large, max-video-preview:-1\" \/>\n<link rel=\"canonical\" href=\"https:\/\/www.bright.lv\/en\/bright-mekle-front-end-programmetaju\/\" \/>\n<meta property=\"og:locale\" content=\"en_US\" \/>\n<meta property=\"og:type\" content=\"article\" \/>\n<meta property=\"og:title\" content=\"MEKL\u0112JAM FRONT-END PROGRAMM\u0112T\u0100JU\" \/>\n<meta property=\"og:description\" content=\"Aicin\u0101m savai profesion\u0101lajai komandai pievienoties Front-End programm\u0113t\u0101ju! Tev j\u0101prot: programm\u0113t respons\u012bvas dizaina t\u0113mas, test\u0113t, atk\u013c\u016bdot.\" \/>\n<meta property=\"og:url\" content=\"https:\/\/www.bright.lv\/en\/bright-mekle-front-end-programmetaju\/\" \/>\n<meta property=\"og:site_name\" content=\"BRIGHT\" \/>\n<meta property=\"article:modified_time\" content=\"2018-10-09T12:47:50+00:00\" \/>\n<meta property=\"og:image\" content=\"https:\/\/www.bright.lv\/wp-content\/uploads\/2018\/05\/meklejam-wordpress-php-programmetaju.jpg\" \/>\n\t<meta property=\"og:image:width\" content=\"2000\" \/>\n\t<meta property=\"og:image:height\" content=\"1000\" \/>\n\t<meta property=\"og:image:type\" content=\"image\/jpeg\" \/>\n<meta name=\"twitter:card\" content=\"summary_large_image\" \/>\n<meta name=\"twitter:label1\" content=\"Est. reading time\" \/>\n\t<meta name=\"twitter:data1\" content=\"1 minute\" \/>\n<script type=\"application\/ld+json\" class=\"yoast-schema-graph\">{\"@context\":\"https:\/\/schema.org\",\"@graph\":[{\"@type\":\"WebPage\",\"@id\":\"https:\/\/www.bright.lv\/en\/bright-mekle-front-end-programmetaju\/\",\"url\":\"https:\/\/www.bright.lv\/en\/bright-mekle-front-end-programmetaju\/\",\"name\":\"MEKL\u0112JAM FRONT-END PROGRAMM\u0112T\u0100JU - BRIGHT\",\"isPartOf\":{\"@id\":\"https:\/\/www.bright.lv\/en\/#website\"},\"primaryImageOfPage\":{\"@id\":\"https:\/\/www.bright.lv\/en\/bright-mekle-front-end-programmetaju\/#primaryimage\"},\"image\":{\"@id\":\"https:\/\/www.bright.lv\/bright-mekle-front-end-programmetaju\/#primaryimage\"},\"thumbnailUrl\":\"https:\/\/www.bright.lv\/wp-content\/uploads\/2018\/05\/meklejam-wordpress-php-programmetaju.jpg\",\"datePublished\":\"2018-10-02T09:21:55+00:00\",\"dateModified\":\"2018-10-09T12:47:50+00:00\",\"description\":\"Aicin\u0101m savai profesion\u0101lajai komandai pievienoties Front-End programm\u0113t\u0101ju! Tev j\u0101prot: programm\u0113t respons\u012bvas dizaina t\u0113mas, test\u0113t, atk\u013c\u016bdot.\",\"breadcrumb\":{\"@id\":\"https:\/\/www.bright.lv\/en\/bright-mekle-front-end-programmetaju\/#breadcrumb\"},\"inLanguage\":\"en-US\",\"potentialAction\":[{\"@type\":\"ReadAction\",\"target\":[[\"https:\/\/www.bright.lv\/en\/bright-mekle-front-end-programmetaju\/\"]]}]},{\"@type\":\"ImageObject\",\"inLanguage\":\"en-US\",\"@id\":\"https:\/\/www.bright.lv\/en\/bright-mekle-front-end-programmetaju\/#primaryimage\",\"url\":\"https:\/\/www.bright.lv\/wp-content\/uploads\/2018\/05\/meklejam-wordpress-php-programmetaju.jpg\",\"contentUrl\":\"https:\/\/www.bright.lv\/wp-content\/uploads\/2018\/05\/meklejam-wordpress-php-programmetaju.jpg\",\"width\":2000,\"height\":1000},{\"@type\":\"BreadcrumbList\",\"@id\":\"https:\/\/www.bright.lv\/en\/bright-mekle-front-end-programmetaju\/#breadcrumb\",\"itemListElement\":[{\"@type\":\"ListItem\",\"position\":1,\"name\":\"Home\",\"item\":\"https:\/\/www.bright.lv\/en\/\"},{\"@type\":\"ListItem\",\"position\":2,\"name\":\"MEKL\u0112JAM FRONT-END PROGRAMM\u0112T\u0100JU\"}]},{\"@type\":\"WebSite\",\"@id\":\"https:\/\/www.bright.lv\/en\/#website\",\"url\":\"https:\/\/www.bright.lv\/en\/\",\"name\":\"BRIGHT\",\"description\":\"\",\"potentialAction\":[{\"@type\":\"SearchAction\",\"target\":{\"@type\":\"EntryPoint\",\"urlTemplate\":\"https:\/\/www.bright.lv\/en\/?s={search_term_string}\"},\"query-input\":{\"@type\":\"PropertyValueSpecification\",\"valueRequired\":true,\"valueName\":\"search_term_string\"}}],\"inLanguage\":\"en-US\"}]}<\/script>\n<!-- \/ Yoast SEO plugin. -->","yoast_head_json":{"title":"MEKL\u0112JAM FRONT-END PROGRAMM\u0112T\u0100JU - BRIGHT","description":"Aicin\u0101m savai profesion\u0101lajai komandai pievienoties Front-End programm\u0113t\u0101ju! Tev j\u0101prot: programm\u0113t respons\u012bvas dizaina t\u0113mas, test\u0113t, atk\u013c\u016bdot.","robots":{"index":"index","follow":"follow","max-snippet":"max-snippet:-1","max-image-preview":"max-image-preview:large","max-video-preview":"max-video-preview:-1"},"canonical":"https:\/\/www.bright.lv\/en\/bright-mekle-front-end-programmetaju\/","og_locale":"en_US","og_type":"article","og_title":"MEKL\u0112JAM FRONT-END PROGRAMM\u0112T\u0100JU","og_description":"Aicin\u0101m savai profesion\u0101lajai komandai pievienoties Front-End programm\u0113t\u0101ju! Tev j\u0101prot: programm\u0113t respons\u012bvas dizaina t\u0113mas, test\u0113t, atk\u013c\u016bdot.","og_url":"https:\/\/www.bright.lv\/en\/bright-mekle-front-end-programmetaju\/","og_site_name":"BRIGHT","article_modified_time":"2018-10-09T12:47:50+00:00","og_image":[{"width":2000,"height":1000,"url":"https:\/\/www.bright.lv\/wp-content\/uploads\/2018\/05\/meklejam-wordpress-php-programmetaju.jpg","type":"image\/jpeg"}],"twitter_card":"summary_large_image","twitter_misc":{"Est. reading time":"1 minute"},"schema":{"@context":"https:\/\/schema.org","@graph":[{"@type":"WebPage","@id":"https:\/\/www.bright.lv\/en\/bright-mekle-front-end-programmetaju\/","url":"https:\/\/www.bright.lv\/en\/bright-mekle-front-end-programmetaju\/","name":"MEKL\u0112JAM FRONT-END PROGRAMM\u0112T\u0100JU - BRIGHT","isPartOf":{"@id":"https:\/\/www.bright.lv\/en\/#website"},"primaryImageOfPage":{"@id":"https:\/\/www.bright.lv\/en\/bright-mekle-front-end-programmetaju\/#primaryimage"},"image":{"@id":"https:\/\/www.bright.lv\/bright-mekle-front-end-programmetaju\/#primaryimage"},"thumbnailUrl":"https:\/\/www.bright.lv\/wp-content\/uploads\/2018\/05\/meklejam-wordpress-php-programmetaju.jpg","datePublished":"2018-10-02T09:21:55+00:00","dateModified":"2018-10-09T12:47:50+00:00","description":"Aicin\u0101m savai profesion\u0101lajai komandai pievienoties Front-End programm\u0113t\u0101ju! Tev j\u0101prot: programm\u0113t respons\u012bvas dizaina t\u0113mas, test\u0113t, atk\u013c\u016bdot.","breadcrumb":{"@id":"https:\/\/www.bright.lv\/en\/bright-mekle-front-end-programmetaju\/#breadcrumb"},"inLanguage":"en-US","potentialAction":[{"@type":"ReadAction","target":[["https:\/\/www.bright.lv\/en\/bright-mekle-front-end-programmetaju\/"]]}]},{"@type":"ImageObject","inLanguage":"en-US","@id":"https:\/\/www.bright.lv\/en\/bright-mekle-front-end-programmetaju\/#primaryimage","url":"https:\/\/www.bright.lv\/wp-content\/uploads\/2018\/05\/meklejam-wordpress-php-programmetaju.jpg","contentUrl":"https:\/\/www.bright.lv\/wp-content\/uploads\/2018\/05\/meklejam-wordpress-php-programmetaju.jpg","width":2000,"height":1000},{"@type":"BreadcrumbList","@id":"https:\/\/www.bright.lv\/en\/bright-mekle-front-end-programmetaju\/#breadcrumb","itemListElement":[{"@type":"ListItem","position":1,"name":"Home","item":"https:\/\/www.bright.lv\/en\/"},{"@type":"ListItem","position":2,"name":"MEKL\u0112JAM FRONT-END PROGRAMM\u0112T\u0100JU"}]},{"@type":"WebSite","@id":"https:\/\/www.bright.lv\/en\/#website","url":"https:\/\/www.bright.lv\/en\/","name":"BRIGHT","description":"","potentialAction":[{"@type":"SearchAction","target":{"@type":"EntryPoint","urlTemplate":"https:\/\/www.bright.lv\/en\/?s={search_term_string}"},"query-input":{"@type":"PropertyValueSpecification","valueRequired":true,"valueName":"search_term_string"}}],"inLanguage":"en-US"}]}},"_links":{"self":[{"href":"https:\/\/www.bright.lv\/en\/wp-json\/wp\/v2\/pages\/1911","targetHints":{"allow":["GET"]}}],"collection":[{"href":"https:\/\/www.bright.lv\/en\/wp-json\/wp\/v2\/pages"}],"about":[{"href":"https:\/\/www.bright.lv\/en\/wp-json\/wp\/v2\/types\/page"}],"author":[{"embeddable":true,"href":"https:\/\/www.bright.lv\/en\/wp-json\/wp\/v2\/users\/1"}],"replies":[{"embeddable":true,"href":"https:\/\/www.bright.lv\/en\/wp-json\/wp\/v2\/comments?post=1911"}],"version-history":[{"count":0,"href":"https:\/\/www.bright.lv\/en\/wp-json\/wp\/v2\/pages\/1911\/revisions"}],"wp:featuredmedia":[{"embeddable":true,"href":"https:\/\/www.bright.lv\/en\/wp-json\/wp\/v2\/media\/1804"}],"wp:attachment":[{"href":"https:\/\/www.bright.lv\/en\/wp-json\/wp\/v2\/media?parent=1911"}],"curies":[{"name":"wp","href":"https:\/\/api.w.org\/{rel}","templated":true}]}}