{"id":27,"date":"2015-06-16T11:28:51","date_gmt":"2015-06-16T11:28:51","guid":{"rendered":"https:\/\/www.bright.lv\/?page_id=27"},"modified":"2018-11-23T12:21:29","modified_gmt":"2018-11-23T10:21:29","slug":"musu-darbi","status":"publish","type":"page","link":"https:\/\/www.bright.lv\/en\/our-work\/","title":{"rendered":"Our work"},"content":{"rendered":"","protected":false},"excerpt":{"rendered":"","protected":false},"author":1,"featured_media":0,"parent":0,"menu_order":0,"comment_status":"closed","ping_status":"open","template":"work.php","meta":{"footnotes":""},"class_list":["post-27","page","type-page","status-publish","hentry"],"acf":[],"yoast_head":"<!-- This site is optimized with the Yoast SEO plugin v26.8 - https:\/\/yoast.com\/product\/yoast-seo-wordpress\/ -->\n<title>Our work - BRIGHT<\/title>\n<meta name=\"description\" content=\"\u0160eit varat apskat\u012bt m\u016bsu darbus - dizaina, programm\u0113\u0161anas, video, foto, anim\u0101ciju un aplik\u0101ciju \u0161edevrus! Darbi ir ori\u0123in\u0101li, unik\u0101li un neatk\u0101rtojami.\" \/>\n<meta name=\"robots\" content=\"index, follow, max-snippet:-1, max-image-preview:large, max-video-preview:-1\" \/>\n<link rel=\"canonical\" href=\"https:\/\/www.bright.lv\/en\/musu-darbi\/\" \/>\n<meta property=\"og:locale\" content=\"en_US\" \/>\n<meta property=\"og:type\" content=\"article\" \/>\n<meta property=\"og:title\" content=\"Our work\" \/>\n<meta property=\"og:description\" content=\"\u0160eit varat apskat\u012bt m\u016bsu darbus - dizaina, programm\u0113\u0161anas, video, foto, anim\u0101ciju un aplik\u0101ciju \u0161edevrus! Darbi ir ori\u0123in\u0101li, unik\u0101li un neatk\u0101rtojami.\" \/>\n<meta property=\"og:url\" content=\"https:\/\/www.bright.lv\/en\/musu-darbi\/\" \/>\n<meta property=\"og:site_name\" content=\"BRIGHT\" \/>\n<meta property=\"article:modified_time\" content=\"2018-11-23T10:21:29+00:00\" \/>\n<meta name=\"twitter:card\" content=\"summary_large_image\" \/>\n<script type=\"application\/ld+json\" class=\"yoast-schema-graph\">{\"@context\":\"https:\/\/schema.org\",\"@graph\":[{\"@type\":\"WebPage\",\"@id\":\"https:\/\/www.bright.lv\/en\/musu-darbi\/\",\"url\":\"https:\/\/www.bright.lv\/en\/musu-darbi\/\",\"name\":\"Our work - BRIGHT\",\"isPartOf\":{\"@id\":\"https:\/\/www.bright.lv\/en\/#website\"},\"datePublished\":\"2015-06-16T11:28:51+00:00\",\"dateModified\":\"2018-11-23T10:21:29+00:00\",\"description\":\"\u0160eit varat apskat\u012bt m\u016bsu darbus - dizaina, programm\u0113\u0161anas, video, foto, anim\u0101ciju un aplik\u0101ciju \u0161edevrus! Darbi ir ori\u0123in\u0101li, unik\u0101li un neatk\u0101rtojami.\",\"breadcrumb\":{\"@id\":\"https:\/\/www.bright.lv\/en\/musu-darbi\/#breadcrumb\"},\"inLanguage\":\"en-US\",\"potentialAction\":[{\"@type\":\"ReadAction\",\"target\":[[\"https:\/\/www.bright.lv\/en\/musu-darbi\/\"]]}]},{\"@type\":\"BreadcrumbList\",\"@id\":\"https:\/\/www.bright.lv\/en\/musu-darbi\/#breadcrumb\",\"itemListElement\":[{\"@type\":\"ListItem\",\"position\":1,\"name\":\"Home\",\"item\":\"https:\/\/www.bright.lv\/en\/\"},{\"@type\":\"ListItem\",\"position\":2,\"name\":\"M\u016bsu darbi\"}]},{\"@type\":\"WebSite\",\"@id\":\"https:\/\/www.bright.lv\/en\/#website\",\"url\":\"https:\/\/www.bright.lv\/en\/\",\"name\":\"BRIGHT\",\"description\":\"\",\"potentialAction\":[{\"@type\":\"SearchAction\",\"target\":{\"@type\":\"EntryPoint\",\"urlTemplate\":\"https:\/\/www.bright.lv\/en\/?s={search_term_string}\"},\"query-input\":{\"@type\":\"PropertyValueSpecification\",\"valueRequired\":true,\"valueName\":\"search_term_string\"}}],\"inLanguage\":\"en-US\"}]}<\/script>\n<!-- \/ Yoast SEO plugin. -->","yoast_head_json":{"title":"Our work - BRIGHT","description":"\u0160eit varat apskat\u012bt m\u016bsu darbus - dizaina, programm\u0113\u0161anas, video, foto, anim\u0101ciju un aplik\u0101ciju \u0161edevrus! Darbi ir ori\u0123in\u0101li, unik\u0101li un neatk\u0101rtojami.","robots":{"index":"index","follow":"follow","max-snippet":"max-snippet:-1","max-image-preview":"max-image-preview:large","max-video-preview":"max-video-preview:-1"},"canonical":"https:\/\/www.bright.lv\/en\/musu-darbi\/","og_locale":"en_US","og_type":"article","og_title":"Our work","og_description":"\u0160eit varat apskat\u012bt m\u016bsu darbus - dizaina, programm\u0113\u0161anas, video, foto, anim\u0101ciju un aplik\u0101ciju \u0161edevrus! Darbi ir ori\u0123in\u0101li, unik\u0101li un neatk\u0101rtojami.","og_url":"https:\/\/www.bright.lv\/en\/musu-darbi\/","og_site_name":"BRIGHT","article_modified_time":"2018-11-23T10:21:29+00:00","twitter_card":"summary_large_image","schema":{"@context":"https:\/\/schema.org","@graph":[{"@type":"WebPage","@id":"https:\/\/www.bright.lv\/en\/musu-darbi\/","url":"https:\/\/www.bright.lv\/en\/musu-darbi\/","name":"Our work - BRIGHT","isPartOf":{"@id":"https:\/\/www.bright.lv\/en\/#website"},"datePublished":"2015-06-16T11:28:51+00:00","dateModified":"2018-11-23T10:21:29+00:00","description":"\u0160eit varat apskat\u012bt m\u016bsu darbus - dizaina, programm\u0113\u0161anas, video, foto, anim\u0101ciju un aplik\u0101ciju \u0161edevrus! Darbi ir ori\u0123in\u0101li, unik\u0101li un neatk\u0101rtojami.","breadcrumb":{"@id":"https:\/\/www.bright.lv\/en\/musu-darbi\/#breadcrumb"},"inLanguage":"en-US","potentialAction":[{"@type":"ReadAction","target":[["https:\/\/www.bright.lv\/en\/musu-darbi\/"]]}]},{"@type":"BreadcrumbList","@id":"https:\/\/www.bright.lv\/en\/musu-darbi\/#breadcrumb","itemListElement":[{"@type":"ListItem","position":1,"name":"Home","item":"https:\/\/www.bright.lv\/en\/"},{"@type":"ListItem","position":2,"name":"M\u016bsu darbi"}]},{"@type":"WebSite","@id":"https:\/\/www.bright.lv\/en\/#website","url":"https:\/\/www.bright.lv\/en\/","name":"BRIGHT","description":"","potentialAction":[{"@type":"SearchAction","target":{"@type":"EntryPoint","urlTemplate":"https:\/\/www.bright.lv\/en\/?s={search_term_string}"},"query-input":{"@type":"PropertyValueSpecification","valueRequired":true,"valueName":"search_term_string"}}],"inLanguage":"en-US"}]}},"_links":{"self":[{"href":"https:\/\/www.bright.lv\/en\/wp-json\/wp\/v2\/pages\/27","targetHints":{"allow":["GET"]}}],"collection":[{"href":"https:\/\/www.bright.lv\/en\/wp-json\/wp\/v2\/pages"}],"about":[{"href":"https:\/\/www.bright.lv\/en\/wp-json\/wp\/v2\/types\/page"}],"author":[{"embeddable":true,"href":"https:\/\/www.bright.lv\/en\/wp-json\/wp\/v2\/users\/1"}],"replies":[{"embeddable":true,"href":"https:\/\/www.bright.lv\/en\/wp-json\/wp\/v2\/comments?post=27"}],"version-history":[{"count":22,"href":"https:\/\/www.bright.lv\/en\/wp-json\/wp\/v2\/pages\/27\/revisions"}],"predecessor-version":[{"id":2181,"href":"https:\/\/www.bright.lv\/en\/wp-json\/wp\/v2\/pages\/27\/revisions\/2181"}],"wp:attachment":[{"href":"https:\/\/www.bright.lv\/en\/wp-json\/wp\/v2\/media?parent=27"}],"curies":[{"name":"wp","href":"https:\/\/api.w.org\/{rel}","templated":true}]}}